{"id":9334,"date":"2021-11-19T09:31:39","date_gmt":"2021-11-19T12:31:39","guid":{"rendered":"https:\/\/stayupflats.com\/?page_id=9334"},"modified":"2026-04-04T17:13:26","modified_gmt":"2026-04-04T20:13:26","slug":"inicio","status":"publish","type":"page","link":"https:\/\/stayupflats.com\/","title":{"rendered":"Inicio"},"content":{"rendered":"<p>[vc_row][vc_column][\/vc_column][\/vc_row][vc_row][vc_column css=\u00bb.vc_custom_1637325866111{margin-top: 15% !important;margin-bottom: 5% !important;}\u00bb][vc_column_text]<\/p>\n<h3 style=\"text-align: center;\">Alquiler de apartamentos<br \/>\ntur\u00edsticos en M\u00e1laga<\/h3>\n<div><\/div>\n<p style=\"text-align: center;\"><span style=\"font-weight: 400;\">Disponemos\u00a0 de una variedad de apartamentos y estudios modernos y totalmente equipados.<br \/>\nSituados en ubicaciones privilegiadas en M\u00e1laga Centro y en las principales playas de la Costa del Sol, son ideales para disfrutar de sus bienes culturales y del ocio que ofrece esta zona.<\/span>[\/vc_column_text][vc_separator css=\u00bb.vc_custom_1637325719986{margin-top: 5% !important;margin-bottom: 5% !important;}\u00bb][\/vc_column][\/vc_row][vc_row][vc_column][vc_column_text]<\/p>\n<h3 style=\"text-align: center;\"><strong>\u00bfBuscas un alquiler vacacional?<br \/>\nNosotros nos encargamos<\/strong><\/h3>\n<p>[\/vc_column_text][\/vc_column][\/vc_row][vc_row][vc_column width=\u00bb1\/3&#8243;][vc_icon icon_fontawesome=\u00bbicon-checkmark3&#8243; color=\u00bbblack\u00bb align=\u00bbcenter\u00bb][vc_column_text]<\/p>\n<h4 style=\"text-align: center;\">Mejor Precio Garantizado<\/h4>\n<p>[\/vc_column_text][\/vc_column][vc_column width=\u00bb1\/3&#8243;][vc_icon icon_fontawesome=\u00bbfas fa-gem\u00bb color=\u00bbblack\u00bb][vc_column_text]<\/p>\n<h4 style=\"text-align: center;\"><b>Confort y Comodidad<\/b><\/h4>\n<p>[\/vc_column_text][\/vc_column][vc_column width=\u00bb1\/3&#8243;][vc_icon icon_fontawesome=\u00bbicon-home\u00bb color=\u00bbblack\u00bb][vc_column_text]<\/p>\n<h4 style=\"text-align: center;\"><strong>Espacios totalmente equipados<\/strong><\/h4>\n<p>[\/vc_column_text][\/vc_column][\/vc_row][vc_row][vc_column][vc_separator css=\u00bb.vc_custom_1637326591378{margin-top: 5% !important;}\u00bb][\/vc_column][\/vc_row][vc_row][vc_column][vc_column_text css=\u00bb.vc_custom_1637326602491{margin-top: 10% !important;margin-bottom: 50px !important;}\u00bb]<\/p>\n<h3 style=\"text-align: center;\">Alojamientos m\u00e1s solicitados<\/h3>\n<p>[\/vc_column_text][\/vc_column][\/vc_row][vc_row][vc_column]<div class=\"ere-property-wrap\">\n    <div class=\"ere-property clearfix property-grid  col-gap-30\" >\n                            <div class=\"property-content columns-3 columns-md-3 columns-sm-2 columns-xs-1 columns-mb-1\">\n                                                        <div class=\"ere-item-wrap property-item mg-bottom-30 ere-property-featured\">\n                            <div class=\"property-inner\">\n                                <div class=\"property-image \">\n                                    <img loading=\"lazy\" decoding=\"async\" width=\"340\"\n                                         height=\"340\"\n                                         src=\"https:\/\/stayupflats.com\/wp-content\/uploads\/2021\/06\/destacada-1-340x340.png\"\n                                         onerror=\"this.src = 'https:\/\/stayupflats.com\/wp-content\/plugins\/essential-real-estate\/public\/assets\/images\/no-image.jpg';\"\n                                         alt=\"Playamar &#8211; Torremolinos\"\n                                         title=\"Playamar &#8211; Torremolinos\">\n\n                                    <div class=\"property-action block-center\">\n                                        <div class=\"block-center-inner\">\n                                            <div class=\"property-view-gallery-wrap\" data-toggle=\"tooltip\" title=\"(0) Fotos\">\n    <a data-property-id=\"7661\"\n       href=\"javascript:void(0)\" class=\"property-view-gallery\"><i\n            class=\"fa fa-camera\"><\/i><\/a>\n<\/div>                                        <\/div>\n                                        <a class=\"property-link\" href=\"https:\/\/stayupflats.com\/?property=playamar-torremolinos\"\n                                           title=\"Playamar &#8211; Torremolinos\"><\/a>\n\n                                    <\/div>\n                                                                            <div class=\"property-label property-featured\">\n                                                                                            <p class=\"label-item\">\n                                                <span\n                                                    class=\"property-label-bg\">Destacada                                                    <span class=\"property-arrow\"><\/span><\/span>\n                                                <\/p>\n                                                                                                                                <\/div>\n                                                                        <div class=\"property-item-content-inner\">\n                                        <div class=\"property-date\"><i\n                                                class=\"fa fa-calendar accent-color\"><\/i>\n                                             5 a\u00f1os antes                                        <\/div>\n                                                                            <\/div>\n                                <\/div>\n                                <div\n                                    class=\"property-item-content \">\n                                                                            <div class=\"property-type\">\n                                            <i class=\"fa fa-tag accent-color\"><\/i>\n                                                                                            <a href=\"https:\/\/stayupflats.com\/?property-type=apartamento\"\n                                                   title=\"APARTAMENTO\"><span>APARTAMENTO <\/span><\/a>\n                                                                                    <\/div>\n                                                                        <div class=\"property-heading\">\n                                        <h4 class=\"property-title fs-18\"><a\n                                                href=\"https:\/\/stayupflats.com\/?property=playamar-torremolinos\"\n                                                title=\"Playamar &#8211; Torremolinos\">Playamar &#8211; Torremolinos<\/a>\n                                        <\/h4>\n                                    <\/div>\n                                                                            <div class=\"property-location\"\n                                             title=\"C. Sierra de Cazorla, 16, 29620 Torremolinos, M\u00e1laga\">\n                                            <i class=\"fa fa-map-marker accent-color\"><\/i>\n                                            <a target=\"_blank\"\n                                               href=\"http:\/\/maps.google.com\/?q=C.%20Sierra%20de%20Cazorla,%2016,%2029620%20Torremolinos,%20M\u00e1laga\"><span>C. Sierra de Cazorla, 16, 29620 Torremolinos, M\u00e1laga<\/span><\/a>\n                                        <\/div>\n                                                                        <div class=\"property-info\">\n                                        <div class=\"property-info-inner clearfix\">\n                                                                                                                                        <div class=\"property-bedrooms\">\n                                                    <div class=\"property-bedrooms-inner\">\n                                                        <i class=\"icon-bed-1\"><\/i>\n                                                        <span\n                                                            class=\"property-info-value\">1 Dormitorio<\/span>\n                                                    <\/div>\n                                                <\/div>\n                                                                                                                                        <div class=\"property-bathrooms\">\n                                                    <div class=\"property-bathrooms-inner\">\n                                                        <i class=\"icon-bathtub-1\"><\/i>\n                                                        <span\n                                                            class=\"property-info-value\">1 Ba\u00f1o<\/span>\n                                                    <\/div>\n                                                <\/div>\n                                                                                                                                <\/div>\n                                    <\/div>\n                                                                                                                        <div class=\"property-excerpt\">\n                                                <p>&nbsp; Precioso apartamento de un dormitorio frente al mar y a la famosa playa del Bajondillo, a un paso de Carihuela y centro de la ciudad de Torremolinos (tan solo a 7\u00b4). Consta de un dormitorio y sal\u00f3n con sof\u00e1 cama, cocina totalmente amueblada, aire acondicionado y calefacci\u00f3n centralizada, conexi\u00f3n a wifi, s\u00e1banas y toallas [&hellip;]<\/p>\n                                            <\/div>\n                                                                                <div class=\"property-status-price\">\n                                                                                            <div class=\"property-status\">\n                                                                                                                                                                    <p class=\"status-item\">\n                                        <span class=\"property-status-bg\">Costa Del Sol                                        <\/span>\n                                                        <\/p>\n                                                                                                    <\/div>\n                                                                                                                                <\/div>\n                                                                    <\/div>\n                                                            <\/div>\n                        <\/div>\n                                                                    <\/div>\n        <div class=\"clearfix\"><\/div>\n                        <\/div>\n<\/div>\n\n[\/vc_column][\/vc_row][vc_row][vc_column][vc_separator css=\u00bb.vc_custom_1637326647962{margin-top: 5% !important;margin-bottom: 5% !important;}\u00bb][\/vc_column][\/vc_row][vc_row][vc_column][vc_raw_html css=\u00bb.vc_custom_1637327532531{margin-bottom: 5% !important;}\u00bb]JTNDc2VjdGlvbiUyMGNsYXNzJTNEJTIydmNfc2VjdGlvbiUyMHZjX2N1c3RvbV8xNTM3OTQ2NDE0NzM2JTIyJTNFJTBBJTNDZGl2JTIwY2xhc3MlM0QlMjJjb250YWluZXItZmx1aWQlMjB2Y19jb250YWluZXItZmx1aWQlMjAlMjBmaXhlZF9iZyUyMHZjX2N1c3RvbV8xNTgxNTc4NDcxODc5JTIwJTIyJTIwc3R5bGUlM0QlMjJiYWNrZ3JvdW5kLWltYWdlJTNBJTIwdXJsJTI4JTI3aHR0cCUzQSUyRiUyRm1sZ2NlbnRlcmFwYXJ0bWVudHMuY29tJTJGd3AtY29udGVudCUyRnVwbG9hZHMlMkYyMDIxJTJGMTAlMkZiYWNrZ3JvdW5kX2hvbWUucG5nJTI3JTI5JTNCJTIyJTNFJTNDZGl2JTIwY2xhc3MlM0QlMjJ2Y19yb3clMjB3cGJfcm93JTIwdmNfcm93LWZsdWlkJTIwdmNfcm93LWhhcy1maWxsJTIyJTNFJTNDZGl2JTIwY2xhc3MlM0QlMjJjb250YWluZXIlMjIlM0UlM0NkaXYlMjBjbGFzcyUzRCUyMnJvdyUyMiUzRSUzQ2RpdiUyMGNsYXNzJTNEJTIyd3BiX2NvbHVtbiUyMHZjX2NvbHVtbl9jb250YWluZXIlMjB2Y19jb2wtc20tMTIlMjB2Y19jb2wtbGctb2Zmc2V0LTIlMjB2Y19jb2wtbGctOCUyMHZjX2NvbC1tZC1vZmZzZXQtMiUyMHZjX2NvbC1tZC04JTIwdmNfY29sLXhzLTEyJTIyJTNFJTBBJTIwJTIwJTIwJTIwJTNDZGl2JTIwY2xhc3MlM0QlMjJ2Y19jb2x1bW4taW5uZXIlMjAlMjIlM0UlMEElMjAlMjAlMjAlMjAlMjAlMjAlMjAlMjAlM0NkaXYlMjBjbGFzcyUzRCUyMndwYl93cmFwcGVyJTIyJTNFJTBBJTIwJTIwJTIwJTIwJTIwJTIwJTIwJTIwJTIwJTIwJTIwJTIwJTNDZGl2JTIwY2xhc3MlM0QlMjJzdG1fc3BhY2VyJTIwJTIyJTNFJTBBJTIwJTIwJTIwJTIwJTNDZGl2JTIwY2xhc3MlM0QlMjJ2aXNpYmxlLWxnJTIyJTIwc3R5bGUlM0QlMjJoZWlnaHQlM0ElMjAxODhweCUzQiUyMiUzRSUzQyUyRmRpdiUzRSUwQSUyMCUyMCUyMCUyMCUzQ2RpdiUyMGNsYXNzJTNEJTIydmlzaWJsZS1tZCUyMiUyMHN0eWxlJTNEJTIyaGVpZ2h0JTNBJTIwMTg4cHglM0IlMjIlM0UlM0MlMkZkaXYlM0UlMEElMjAlMjAlMjAlMjAlM0NkaXYlMjBjbGFzcyUzRCUyMnZpc2libGUtc20lMjIlMjBzdHlsZSUzRCUyMmhlaWdodCUzQSUyMDEyMHB4JTNCJTIyJTNFJTNDJTJGZGl2JTNFJTBBJTIwJTIwJTIwJTIwJTNDZGl2JTIwY2xhc3MlM0QlMjJ2aXNpYmxlLXhzJTIyJTIwc3R5bGUlM0QlMjJoZWlnaHQlM0ElMjAxMTBweCUzQiUyMiUzRSUzQyUyRmRpdiUzRSUwQSUzQyUyRmRpdiUzRSUzQ2gyJTIwc3R5bGUlM0QlMjJmb250LXNpemUlM0ElMjA0MHB4JTNCY29sb3IlM0ElMjAlMjNmZmZmZmYlM0JsaW5lLWhlaWdodCUzQSUyMDYwcHglM0J0ZXh0LWFsaWduJTNBJTIwY2VudGVyJTIyJTIwY2xhc3MlM0QlMjJ2Y19jdXN0b21faGVhZGluZyUyMHZjX2N1c3RvbV8xNTgxNTg2MTk0MzY0JTIwJTIwJTIwc3RtX2N1c3RvbV9oZWFkaW5nX19pY29uJTIwdGV4dC1jZW50ZXIlMjIlM0UlM0NpJTIwY2xhc3MlM0QlMjJzdG1pY29uLWhhaXJjdXQlMjBwb3NpdGlvbl90b3AlMjIlMjBzdHlsZSUzRCUyMmNvbG9yJTNBJTIwJTIzZmZmZmZmJTIwJTIxaW1wb3J0YW50JTNCJTIyJTNFJTNDJTJGaSUzRSVDMiVCRkVSRVMlMjBQUk9QSUVUQVJJTyUzRiUyMCUzQyUyRmJyJTNFUE9ORU1PUyUyMEVOJTIwQUxRVUlMRVIlMjBUVSUyMEFQQVJUQU1FTlRPJTNDJTJGaDIlM0UlMEElMDklM0NkaXYlMjBjbGFzcyUzRCUyMndwYl90ZXh0X2NvbHVtbiUyMHdwYl9jb250ZW50X2VsZW1lbnQlMjAlMjB2Y19jdXN0b21fMTU4MTk1MDYwMDk5NyUyMiUzRSUwQSUwOSUwOSUzQ2RpdiUyMGNsYXNzJTNEJTIyd3BiX3dyYXBwZXIlMjIlM0UlMEElMDklMDklMDklM0NwJTIwc3R5bGUlM0QlMjJ0ZXh0LWFsaWduJTNBJTIwY2VudGVyJTNCJTIyJTNFJTNDc3BhbiUyMHN0eWxlJTNEJTIyY29sb3IlM0ElMjAlMjNmZmZmZmYlM0IlMjIlM0VTYWJlbW9zJTIwcXVlJTIwbXVjaG9zJTIwZGUlMjBudWVzdHJvcyUyMHByb3BpZXRhcmlvcyUyMG5vJTIwdGllbmVuJTIwZWwlMjB0aWVtcG8lMjBuZWNlc2FyaW8lMjBwYXJhJTIwaGFjZXJzZSUyMGNhcmdvJTIwZGVsJTIwZCVDMyVBRGElMjBhJTIwZCVDMyVBRGElMjBkZSUyMHN1cyUyMHByb3BpZWRhZGVzLiUyMFBvciUyMGVzbyUyQyUyMG9mcmVjZW1vcyUyMHVuJTIwc2VydmljaW8lMjBjb21wbGV0byUyMHBhcmElMjBmYWNpbGl0YXIlMjBsYXMlMjBnZXN0aW9uZXMlMjB5JTIwcmVzb2x2ZXIlMjBjdWFscXVpZXIlMjBwcm9ibGVtYSUyMHF1ZSUyMHB1ZWRhJTIwc3VjZWRlciUyMGVuJTIwdHUlMjBwcm9waWVkYWQuJTBBJTNDJTJGc3BhbiUzRSUzQyUyRnAlM0UlMEElMEElMDklMDklM0MlMkZkaXYlM0UlMEElMDklM0MlMkZkaXYlM0UlMEElM0MlMkZiciUzRSUwQSUyMCUyMCUyMCUyMCUzQ2RpdiUyMGNsYXNzJTNEJTIyc3RtLWJ1dHRvbiUyMHN0bS1idXR0b25fY2VudGVyJTIyJTIwc3R5bGUlM0QlMjJtYXJnaW4lM0ElMjBhdXRvJTNCJTIwdGV4dC1hbGlnbiUzQSUyMGNlbnRlciUzQiUyMiUzRSUwQSUyMCUyMCUyMCUyMCUyMCUyMCUyMCUyMCUzQ2ElMjBocmVmJTNEJTIyaHR0cCUzQSUyRiUyRm1sZ2NlbnRlcmFwYXJ0bWVudHMuY29tJTJGJTNGcGFnZV9pZCUzRDg2MTYlMjIlMjBjbGFzcyUzRCUyMmJ0biUyMGJ0bl9vdXRsaW5lJTIwYnRuX3ByaW1hcnklMjBidG5fY2VudGVyJTIwYnRuX2RlZmF1bHQlMjBzdG0tYnV0dG9uXzYxNzk4ZjM4Y2UwZjUlMjAlMjAlMjAlMjAlMjAlMjIlMjB0aXRsZSUzRCUyMlNhYmVyJTIwbSVDMyVBMXMlMjIlMjB0YXJnZXQlM0QlMjJfc2VsZiUyMiUzRSUwQSUyMCUyMCUyMCUyMCUyMCUyMCUyMCUyMCUyMCUyMCUyMCUyMCUyMCUyMCUyMCUyMCUyMCUyMCUyMCUyMCUyMCUyMCUyMCUyMCUzQ3NwYW4lMjBjbGFzcyUzRCUyMmJ0bl9fbGFiZWwlMjIlM0VSRVNFUlZBJTIwQUhPUkElM0MlMkZzcGFuJTNFJTBBJTIwJTIwJTIwJTIwJTIwJTIwJTIwJTIwJTIwJTIwJTIwJTIwJTIwJTIwJTIwJTIwJTIwJTIwJTIwJTIwJTNDJTJGYSUzRSUwQSUyMCUyMCUyMCUyMCUzQyUyRmRpdiUzRSUwQSUzQyUyRmJyJTNFJTNDJTJGYnIlM0UlMEElMEElMDklM0NkaXYlMjBjbGFzcyUzRCUyMnN0bV9zcGFjZXIlMjAlMjIlM0UlMEElMjAlMjAlMjAlMjAlM0NkaXYlMjBjbGFzcyUzRCUyMnZpc2libGUtbGclMjIlMjBzdHlsZSUzRCUyMmhlaWdodCUzQSUyMDE0MnB4JTNCJTIyJTNFJTNDJTJGZGl2JTNFJTBBJTIwJTIwJTIwJTIwJTNDZGl2JTIwY2xhc3MlM0QlMjJ2aXNpYmxlLW1kJTIyJTIwc3R5bGUlM0QlMjJoZWlnaHQlM0ElMjAxNDJweCUzQiUyMiUzRSUzQyUyRmRpdiUzRSUwQSUyMCUyMCUyMCUyMCUzQ2RpdiUyMGNsYXNzJTNEJTIydmlzaWJsZS1zbSUyMiUyMHN0eWxlJTNEJTIyaGVpZ2h0JTNBJTIwMTMwcHglM0IlMjIlM0UlM0MlMkZkaXYlM0UlMEElMjAlMjAlMjAlMjAlM0NkaXYlMjBjbGFzcyUzRCUyMnZpc2libGUteHMlMjIlMjBzdHlsZSUzRCUyMmhlaWdodCUzQSUyMDcwcHglM0IlMjIlM0UlM0MlMkZkaXYlM0UlMEElM0MlMkZkaXYlM0UlMjAlMjAlMjAlMjAlMjAlMjAlMjAlMjAlM0MlMkZkaXYlM0UlMEElMjAlMjAlMjAlMjAlM0MlMkZkaXYlM0UlMEElM0MlMkZkaXYlM0UlM0MlMkZkaXYlM0UlM0MlMkZkaXYlM0UlM0MlMkZkaXYlM0UlM0MlMkZkaXYlM0UlM0MlMkZzZWN0aW9uJTNF[\/vc_raw_html][\/vc_column][\/vc_row][vc_row][vc_column][\/vc_column][\/vc_row][vc_row full_width=\u00bbstretch_row\u00bb equal_height=\u00bbyes\u00bb css=\u00bb.vc_custom_1638041221894{margin-bottom: 10% !important;background-color: #f8f9f8 !important;}\u00bb][vc_column css=\u00bb.vc_custom_1637326831322{margin-bottom: 10% !important;}\u00bb][g5plus_heading title=\u00bbSobre STAY UP Flats\u00bb text_align=\u00bbtext-center\u00bb css=\u00bb.vc_custom_1775333591437{margin-bottom: 30px !important;}\u00bb][vc_column_text]<\/p>\n<div style=\"width: 60%; margin: auto;\">\n<p style=\"text-align: center; font-size: 16px;\"><b>STAY UP Flats<\/b><span style=\"font-weight: 400;\"> es un aliado al momento de buscar el apartamento ideal para tus vacaciones o viajes de negocio, gracias al minucioso y dedicado esfuerzo en lograr ofrecer al viajero un concepto de alojamiento como apuesta segura ante la com\u00fan incomodidad que supone no sentirse como en casa fuera de ella.<\/span><\/p>\n<\/div>\n<p>[\/vc_column_text][\/vc_column][vc_column][\/vc_column][\/vc_row][vc_row][vc_column][\/vc_column][\/vc_row]<\/p>\n","protected":false},"excerpt":{"rendered":"<p>[vc_row][vc_column][\/vc_column][\/vc_row][vc_row][vc_column css=\u00bb.vc_custom_1637325866111{margin-top: 15% !important;margin-bottom: 5% !important;}\u00bb][vc_column_text] Alquiler de apartamentos tur\u00edsticos en M\u00e1laga Disponemos\u00a0 de una variedad de apartamentos y estudios modernos y totalmente equipados. Situados en ubicaciones privilegiadas en M\u00e1laga Centro y en las principales playas de la Costa del Sol, son ideales para disfrutar de sus bienes culturales y del ocio que ofrece esta [&hellip;]<\/p>\n","protected":false},"author":3,"featured_media":0,"parent":0,"menu_order":0,"comment_status":"closed","ping_status":"closed","template":"","meta":{"_joinchat":[],"footnotes":""},"class_list":["post-9334","page","type-page","status-publish","hentry"],"yoast_head":"<!-- This site is optimized with the Yoast SEO plugin v27.3 - https:\/\/yoast.com\/product\/yoast-seo-wordpress\/ -->\n<title>Inicio - STAY UP Flats<\/title>\n<meta name=\"robots\" content=\"index, follow, max-snippet:-1, max-image-preview:large, max-video-preview:-1\" \/>\n<link rel=\"canonical\" href=\"https:\/\/stayupflats.com\/\" \/>\n<meta property=\"og:locale\" content=\"es_ES\" \/>\n<meta property=\"og:type\" content=\"article\" \/>\n<meta property=\"og:title\" content=\"Inicio - STAY UP Flats\" \/>\n<meta property=\"og:description\" content=\"[vc_row][vc_column][\/vc_column][\/vc_row][vc_row][vc_column css=\u00bb.vc_custom_1637325866111{margin-top: 15% !important;margin-bottom: 5% !important;}\u00bb][vc_column_text] Alquiler de apartamentos tur\u00edsticos en M\u00e1laga Disponemos\u00a0 de una variedad de apartamentos y estudios modernos y totalmente equipados. Situados en ubicaciones privilegiadas en M\u00e1laga Centro y en las principales playas de la Costa del Sol, son ideales para disfrutar de sus bienes culturales y del ocio que ofrece esta [&hellip;]\" \/>\n<meta property=\"og:url\" content=\"https:\/\/stayupflats.com\/\" \/>\n<meta property=\"og:site_name\" content=\"STAY UP Flats\" \/>\n<meta property=\"article:modified_time\" content=\"2026-04-04T20:13:26+00:00\" \/>\n<meta name=\"twitter:card\" content=\"summary_large_image\" \/>\n<meta name=\"twitter:label1\" content=\"Tiempo de lectura\" \/>\n\t<meta name=\"twitter:data1\" content=\"4 minutos\" \/>\n<script type=\"application\/ld+json\" class=\"yoast-schema-graph\">{\"@context\":\"https:\\\/\\\/schema.org\",\"@graph\":[{\"@type\":\"WebPage\",\"@id\":\"https:\\\/\\\/stayupflats.com\\\/\",\"url\":\"https:\\\/\\\/stayupflats.com\\\/\",\"name\":\"Inicio - STAY UP Flats\",\"isPartOf\":{\"@id\":\"https:\\\/\\\/stayupflats.com\\\/#website\"},\"datePublished\":\"2021-11-19T12:31:39+00:00\",\"dateModified\":\"2026-04-04T20:13:26+00:00\",\"breadcrumb\":{\"@id\":\"https:\\\/\\\/stayupflats.com\\\/#breadcrumb\"},\"inLanguage\":\"es\",\"potentialAction\":[{\"@type\":\"ReadAction\",\"target\":[\"https:\\\/\\\/stayupflats.com\\\/\"]}]},{\"@type\":\"BreadcrumbList\",\"@id\":\"https:\\\/\\\/stayupflats.com\\\/#breadcrumb\",\"itemListElement\":[{\"@type\":\"ListItem\",\"position\":1,\"name\":\"Portada\",\"item\":\"https:\\\/\\\/stayupflats.com\\\/\"},{\"@type\":\"ListItem\",\"position\":2,\"name\":\"Inicio\"}]},{\"@type\":\"WebSite\",\"@id\":\"https:\\\/\\\/stayupflats.com\\\/#website\",\"url\":\"https:\\\/\\\/stayupflats.com\\\/\",\"name\":\"STAY UP Flats\",\"description\":\"Alquiler de apartamentos tur\u00edsticos y real estate en M\u00e1laga y la Costa del Sol. Rent of tourist apartments and real estate in Malaga and the Costa del Sol\",\"publisher\":{\"@id\":\"https:\\\/\\\/stayupflats.com\\\/#organization\"},\"potentialAction\":[{\"@type\":\"SearchAction\",\"target\":{\"@type\":\"EntryPoint\",\"urlTemplate\":\"https:\\\/\\\/stayupflats.com\\\/?s={search_term_string}\"},\"query-input\":{\"@type\":\"PropertyValueSpecification\",\"valueRequired\":true,\"valueName\":\"search_term_string\"}}],\"inLanguage\":\"es\"},{\"@type\":\"Organization\",\"@id\":\"https:\\\/\\\/stayupflats.com\\\/#organization\",\"name\":\"MLG Center Apartments\",\"url\":\"https:\\\/\\\/stayupflats.com\\\/\",\"logo\":{\"@type\":\"ImageObject\",\"inLanguage\":\"es\",\"@id\":\"https:\\\/\\\/stayupflats.com\\\/#\\\/schema\\\/logo\\\/image\\\/\",\"url\":\"https:\\\/\\\/stayupflats.com\\\/wp-content\\\/uploads\\\/2022\\\/02\\\/MLG-APARTMENTS-LOGO-def-03.png\",\"contentUrl\":\"https:\\\/\\\/stayupflats.com\\\/wp-content\\\/uploads\\\/2022\\\/02\\\/MLG-APARTMENTS-LOGO-def-03.png\",\"width\":2755,\"height\":2755,\"caption\":\"MLG Center Apartments\"},\"image\":{\"@id\":\"https:\\\/\\\/stayupflats.com\\\/#\\\/schema\\\/logo\\\/image\\\/\"}}]}<\/script>\n<!-- \/ Yoast SEO plugin. -->","yoast_head_json":{"title":"Inicio - STAY UP Flats","robots":{"index":"index","follow":"follow","max-snippet":"max-snippet:-1","max-image-preview":"max-image-preview:large","max-video-preview":"max-video-preview:-1"},"canonical":"https:\/\/stayupflats.com\/","og_locale":"es_ES","og_type":"article","og_title":"Inicio - STAY UP Flats","og_description":"[vc_row][vc_column][\/vc_column][\/vc_row][vc_row][vc_column css=\u00bb.vc_custom_1637325866111{margin-top: 15% !important;margin-bottom: 5% !important;}\u00bb][vc_column_text] Alquiler de apartamentos tur\u00edsticos en M\u00e1laga Disponemos\u00a0 de una variedad de apartamentos y estudios modernos y totalmente equipados. Situados en ubicaciones privilegiadas en M\u00e1laga Centro y en las principales playas de la Costa del Sol, son ideales para disfrutar de sus bienes culturales y del ocio que ofrece esta [&hellip;]","og_url":"https:\/\/stayupflats.com\/","og_site_name":"STAY UP Flats","article_modified_time":"2026-04-04T20:13:26+00:00","twitter_card":"summary_large_image","twitter_misc":{"Tiempo de lectura":"4 minutos"},"schema":{"@context":"https:\/\/schema.org","@graph":[{"@type":"WebPage","@id":"https:\/\/stayupflats.com\/","url":"https:\/\/stayupflats.com\/","name":"Inicio - STAY UP Flats","isPartOf":{"@id":"https:\/\/stayupflats.com\/#website"},"datePublished":"2021-11-19T12:31:39+00:00","dateModified":"2026-04-04T20:13:26+00:00","breadcrumb":{"@id":"https:\/\/stayupflats.com\/#breadcrumb"},"inLanguage":"es","potentialAction":[{"@type":"ReadAction","target":["https:\/\/stayupflats.com\/"]}]},{"@type":"BreadcrumbList","@id":"https:\/\/stayupflats.com\/#breadcrumb","itemListElement":[{"@type":"ListItem","position":1,"name":"Portada","item":"https:\/\/stayupflats.com\/"},{"@type":"ListItem","position":2,"name":"Inicio"}]},{"@type":"WebSite","@id":"https:\/\/stayupflats.com\/#website","url":"https:\/\/stayupflats.com\/","name":"STAY UP Flats","description":"Alquiler de apartamentos tur\u00edsticos y real estate en M\u00e1laga y la Costa del Sol. Rent of tourist apartments and real estate in Malaga and the Costa del Sol","publisher":{"@id":"https:\/\/stayupflats.com\/#organization"},"potentialAction":[{"@type":"SearchAction","target":{"@type":"EntryPoint","urlTemplate":"https:\/\/stayupflats.com\/?s={search_term_string}"},"query-input":{"@type":"PropertyValueSpecification","valueRequired":true,"valueName":"search_term_string"}}],"inLanguage":"es"},{"@type":"Organization","@id":"https:\/\/stayupflats.com\/#organization","name":"MLG Center Apartments","url":"https:\/\/stayupflats.com\/","logo":{"@type":"ImageObject","inLanguage":"es","@id":"https:\/\/stayupflats.com\/#\/schema\/logo\/image\/","url":"https:\/\/stayupflats.com\/wp-content\/uploads\/2022\/02\/MLG-APARTMENTS-LOGO-def-03.png","contentUrl":"https:\/\/stayupflats.com\/wp-content\/uploads\/2022\/02\/MLG-APARTMENTS-LOGO-def-03.png","width":2755,"height":2755,"caption":"MLG Center Apartments"},"image":{"@id":"https:\/\/stayupflats.com\/#\/schema\/logo\/image\/"}}]}},"_links":{"self":[{"href":"https:\/\/stayupflats.com\/index.php?rest_route=\/wp\/v2\/pages\/9334","targetHints":{"allow":["GET"]}}],"collection":[{"href":"https:\/\/stayupflats.com\/index.php?rest_route=\/wp\/v2\/pages"}],"about":[{"href":"https:\/\/stayupflats.com\/index.php?rest_route=\/wp\/v2\/types\/page"}],"author":[{"embeddable":true,"href":"https:\/\/stayupflats.com\/index.php?rest_route=\/wp\/v2\/users\/3"}],"replies":[{"embeddable":true,"href":"https:\/\/stayupflats.com\/index.php?rest_route=%2Fwp%2Fv2%2Fcomments&post=9334"}],"version-history":[{"count":26,"href":"https:\/\/stayupflats.com\/index.php?rest_route=\/wp\/v2\/pages\/9334\/revisions"}],"predecessor-version":[{"id":9934,"href":"https:\/\/stayupflats.com\/index.php?rest_route=\/wp\/v2\/pages\/9334\/revisions\/9934"}],"wp:attachment":[{"href":"https:\/\/stayupflats.com\/index.php?rest_route=%2Fwp%2Fv2%2Fmedia&parent=9334"}],"curies":[{"name":"wp","href":"https:\/\/api.w.org\/{rel}","templated":true}]}}