{"id":9231,"date":"2021-11-17T16:17:59","date_gmt":"2021-11-17T19:17:59","guid":{"rendered":"https:\/\/stayupflats.com\/?page_id=9231"},"modified":"2026-04-04T17:21:04","modified_gmt":"2026-04-04T20:21:04","slug":"terminos-y-condiciones","status":"publish","type":"page","link":"https:\/\/stayupflats.com\/?page_id=9231","title":{"rendered":"T\u00e9rminos y Condiciones"},"content":{"rendered":"<p>[vc_row][vc_column][\/vc_column][\/vc_row][vc_row][vc_column][\/vc_column][\/vc_row][vc_row][vc_column css=\u00bb.vc_custom_1637176841690{margin-top: 20% !important;margin-bottom: 15% !important;}\u00bb][vc_column_text]<\/p>\n<h2 data-section-id=\"1rttnrr\" data-start=\"138\" data-end=\"173\">T\u00e9rminos y Condiciones Generales<\/h2>\n<p data-start=\"175\" data-end=\"259\">Antes de confirmar su reserva rogamos lea las siguientes condiciones cuidadosamente.<\/p>\n<hr data-start=\"261\" data-end=\"264\" \/>\n<h3 data-section-id=\"y9nd1z\" data-start=\"266\" data-end=\"277\">Precios<\/h3>\n<p data-start=\"279\" data-end=\"502\">Los precios que se muestran en nuestro sitio web www.stayupflats.com son por vivienda y noche o semana siempre que se indique. Todos los precios est\u00e1n expresados en euros. Los precios incluyen todos los impuestos aplicables.<\/p>\n<p data-start=\"504\" data-end=\"730\">Nuestros precios pueden sufrir cambios en cualquier momento sin que sea aplicable a las reservas ya confirmadas, salvo por la modificaci\u00f3n de los impuestos legales o reglamentarios establecidos por las autoridades competentes.<\/p>\n<p data-start=\"732\" data-end=\"753\">Los precios incluyen:<\/p>\n<ul data-start=\"755\" data-end=\"1006\">\n<li data-section-id=\"1djvyno\" data-start=\"755\" data-end=\"797\">Limpieza antes y despu\u00e9s de la llegada<\/li>\n<li data-section-id=\"qus4vf\" data-start=\"798\" data-end=\"814\">Ropa de cama<\/li>\n<li data-section-id=\"109n1f8\" data-start=\"815\" data-end=\"848\">Mantenimiento de la propiedad<\/li>\n<li data-section-id=\"q34f3p\" data-start=\"849\" data-end=\"901\">Gastos de agua, luz, gas e internet (si hubiera)<\/li>\n<li data-section-id=\"xzqigx\" data-start=\"902\" data-end=\"962\">Atenci\u00f3n al cliente en horario comercial (09:00 a 20:00)<\/li>\n<li data-section-id=\"108f9vp\" data-start=\"963\" data-end=\"1006\">Servicio de emergencias 24h (686971364)<\/li>\n<\/ul>\n<p data-start=\"1008\" data-end=\"1116\">Para servicios adicionales (garaje, limpieza extra, cuna, silla alta, etc.), rogamos contacten con nosotros.<\/p>\n<hr data-start=\"1118\" data-end=\"1121\" \/>\n<h3 data-section-id=\"1o62noa\" data-start=\"1123\" data-end=\"1167\">T\u00e9rminos de la tramitaci\u00f3n de la reserva<\/h3>\n<p data-start=\"1169\" data-end=\"1325\">Una vez efectuada una reserva, recibir\u00e1 confirmaci\u00f3n por escrito con las fechas, el precio, las condiciones de pago y los servicios adicionales contratados.<\/p>\n<p data-start=\"1327\" data-end=\"1479\">Tambi\u00e9n recibir\u00e1 instrucciones de llegada. Una persona de nuestro equipo le entregar\u00e1 las llaves, le ense\u00f1ar\u00e1 el apartamento y resolver\u00e1 cualquier duda.<\/p>\n<hr data-start=\"1481\" data-end=\"1484\" \/>\n<h3 data-section-id=\"2lmhu3\" data-start=\"1486\" data-end=\"1507\">Gastos de gesti\u00f3n<\/h3>\n<p data-start=\"1509\" data-end=\"1649\">Para reservar es necesario pagar un cargo no reembolsable. Este pago formaliza la relaci\u00f3n contractual entre el cliente y <strong data-start=\"1631\" data-end=\"1648\">STAY UP Flats<\/strong>.<\/p>\n<hr data-start=\"1651\" data-end=\"1654\" \/>\n<h3 data-section-id=\"185us08\" data-start=\"1656\" data-end=\"1696\">Condiciones de los gastos de gesti\u00f3n<\/h3>\n<ul data-start=\"1698\" data-end=\"1959\">\n<li data-section-id=\"1uceumg\" data-start=\"1698\" data-end=\"1763\">La cuota de reserva corresponde al 20% o 30% del precio total<\/li>\n<li data-section-id=\"b0qkl4\" data-start=\"1764\" data-end=\"1786\">No es reembolsable<\/li>\n<li data-section-id=\"62znln\" data-start=\"1787\" data-end=\"1865\">El importe restante se cobrar\u00e1 autom\u00e1ticamente 30 d\u00edas antes de la llegada<\/li>\n<li data-section-id=\"uvr64\" data-start=\"1866\" data-end=\"1959\">Si la reserva se realiza dentro de los 30 d\u00edas previos, se cobrar\u00e1 el total en el momento<\/li>\n<\/ul>\n<p data-start=\"1961\" data-end=\"2035\">Si reserv\u00f3 mediante plataformas externas, aplican sus propias condiciones.<\/p>\n<hr data-start=\"2037\" data-end=\"2040\" \/>\n<h3 data-section-id=\"onztjw\" data-start=\"2042\" data-end=\"2071\">Modificaciones de reserva<\/h3>\n<p data-start=\"2073\" data-end=\"2215\">Por norma general no se pueden modificar reservas confirmadas. No obstante, haremos todo lo posible por ayudarle si contacta lo antes posible:<\/p>\n<p data-start=\"2217\" data-end=\"2241\">\ud83d\udce7 <a class=\"decorated-link cursor-pointer\" rel=\"noopener\" data-start=\"2220\" data-end=\"2241\">stayupflats@gmail.com<\/a><\/p>\n<hr data-start=\"2243\" data-end=\"2246\" \/>\n<h3 data-section-id=\"1738amu\" data-start=\"2248\" data-end=\"2275\">Pol\u00edtica de cancelaci\u00f3n<\/h3>\n<p data-start=\"2277\" data-end=\"2327\">Las cancelaciones deben comunicarse por escrito a:<\/p>\n<p data-start=\"2329\" data-end=\"2353\">\ud83d\udce7 <a class=\"decorated-link cursor-pointer\" rel=\"noopener\" data-start=\"2332\" data-end=\"2353\">stayupflats@gmail.com<\/a><\/p>\n<p data-start=\"2355\" data-end=\"2374\"><strong data-start=\"2355\" data-end=\"2374\">Penalizaciones:<\/strong><\/p>\n<ul data-start=\"2376\" data-end=\"2494\">\n<li data-section-id=\"1g94snl\" data-start=\"2376\" data-end=\"2424\">30 d\u00edas o m\u00e1s antes de la llegada: sin cargo<\/li>\n<li data-section-id=\"m21wyf\" data-start=\"2425\" data-end=\"2459\">15 d\u00edas o menos: 50% del total<\/li>\n<li data-section-id=\"1kafupc\" data-start=\"2460\" data-end=\"2494\">7 d\u00edas o menos: 100% del total<\/li>\n<\/ul>\n<p data-start=\"2496\" data-end=\"2568\">Se podr\u00e1n realizar cambios de fecha sin coste, sujetos a disponibilidad.<\/p>\n<p data-start=\"2570\" data-end=\"2643\">Si el alojamiento no estuviera disponible por causas ajenas a la empresa:<\/p>\n<ul data-start=\"2645\" data-end=\"2757\">\n<li data-section-id=\"dzynpf\" data-start=\"2645\" data-end=\"2716\">Se ofrecer\u00e1 un alojamiento alternativo de caracter\u00edsticas similares<\/li>\n<li data-section-id=\"b2momo\" data-start=\"2717\" data-end=\"2757\">O se realizar\u00e1 un reembolso completo<\/li>\n<\/ul>\n<p data-start=\"2759\" data-end=\"2798\">El gasto de gesti\u00f3n no es reembolsable.<\/p>\n<hr data-start=\"2800\" data-end=\"2803\" \/>\n<h3 data-section-id=\"v1etjh\" data-start=\"2805\" data-end=\"2830\">Entrada a la vivienda<\/h3>\n<p data-start=\"2832\" data-end=\"2875\">La hora est\u00e1ndar de llegada es a las 14:00.<\/p>\n<p data-start=\"2877\" data-end=\"2968\">Rogamos contactar al llegar al aeropuerto o aproximadamente 30 minutos antes de la llegada.<\/p>\n<p data-start=\"2970\" data-end=\"3008\">Tel\u00e9fono de emergencias: +34 686971364<\/p>\n<p data-start=\"3010\" data-end=\"3040\">A la llegada ser\u00e1 obligatorio:<\/p>\n<ul data-start=\"3042\" data-end=\"3137\">\n<li data-section-id=\"1wqg05i\" data-start=\"3042\" data-end=\"3081\">Firmar el contrato de arrendamiento<\/li>\n<li data-section-id=\"hu3nx1\" data-start=\"3082\" data-end=\"3137\">Completar el registro policial (mayores de 16 a\u00f1os)<\/li>\n<\/ul>\n<p data-start=\"3139\" data-end=\"3171\"><strong data-start=\"3139\" data-end=\"3171\">Recargos por llegada tard\u00eda:<\/strong><\/p>\n<ul data-start=\"3173\" data-end=\"3230\">\n<li data-section-id=\"1ynuc5y\" data-start=\"3173\" data-end=\"3199\">De 20:00 a 24:00 \u2192 15\u20ac<\/li>\n<li data-section-id=\"1m8ivvj\" data-start=\"3200\" data-end=\"3230\">Despu\u00e9s de las 24:00 \u2192 25\u20ac<\/li>\n<\/ul>\n<hr data-start=\"3232\" data-end=\"3235\" \/>\n<h3 data-section-id=\"16d21x2\" data-start=\"3237\" data-end=\"3262\">Salida de la vivienda<\/h3>\n<p data-start=\"3264\" data-end=\"3304\">La hora de salida es antes de las 12:00.<\/p>\n<p data-start=\"3306\" data-end=\"3364\">Bajo disponibilidad, se podr\u00e1 solicitar una salida tard\u00eda.<\/p>\n<hr data-start=\"3366\" data-end=\"3369\" \/>\n<h3 data-section-id=\"qvsefr\" data-start=\"3371\" data-end=\"3407\">Limpieza, ropa de cama y toallas<\/h3>\n<p data-start=\"3409\" data-end=\"3475\">Se realiza una limpieza completa antes y despu\u00e9s de cada estancia.<\/p>\n<p data-start=\"3477\" data-end=\"3522\">Se solicita dejar la vivienda en buen estado:<\/p>\n<ul data-start=\"3524\" data-end=\"3564\">\n<li data-section-id=\"13xdjch\" data-start=\"3524\" data-end=\"3543\">Sacar la basura<\/li>\n<li data-section-id=\"1eyodr9\" data-start=\"3544\" data-end=\"3564\">Lavar los platos<\/li>\n<\/ul>\n<p data-start=\"3566\" data-end=\"3616\">Toallas adicionales disponibles por 5\u20ac por unidad.<\/p>\n<hr data-start=\"3618\" data-end=\"3621\" \/>\n<h3 data-section-id=\"5cm45m\" data-start=\"3623\" data-end=\"3664\">Servicios y requerimientos especiales<\/h3>\n<p data-start=\"3666\" data-end=\"3765\">En <strong data-start=\"3669\" data-end=\"3686\">STAY UP Flats<\/strong> haremos todo lo posible para adaptarnos a sus necesidades durante la estancia.<\/p>\n<hr data-start=\"3767\" data-end=\"3770\" \/>\n<h3 data-section-id=\"1yik0bp\" data-start=\"3772\" data-end=\"3801\">Personas con discapacidad<\/h3>\n<p data-start=\"3803\" data-end=\"3900\">Actualmente no disponemos de viviendas completamente adaptadas, pero s\u00ed opciones de f\u00e1cil acceso.<\/p>\n<p data-start=\"3902\" data-end=\"3936\">Para m\u00e1s informaci\u00f3n, cont\u00e1ctenos.<\/p>\n<hr data-start=\"3938\" data-end=\"3941\" \/>\n<h3 data-section-id=\"rmsdz6\" data-start=\"3943\" data-end=\"3966\">N\u00famero de ocupantes<\/h3>\n<p data-start=\"3968\" data-end=\"4024\">Debe respetarse el n\u00famero m\u00e1ximo indicado en la reserva.<\/p>\n<p data-start=\"4026\" data-end=\"4059\">El incumplimiento puede implicar:<\/p>\n<ul data-start=\"4061\" data-end=\"4118\">\n<li data-section-id=\"2npv1n\" data-start=\"4061\" data-end=\"4089\">Cancelaci\u00f3n del contrato<\/li>\n<li data-section-id=\"9ivwd5\" data-start=\"4090\" data-end=\"4118\">Expulsi\u00f3n de la vivienda<\/li>\n<\/ul>\n<hr data-start=\"4120\" data-end=\"4123\" \/>\n<h3 data-section-id=\"rf3c0b\" data-start=\"4125\" data-end=\"4143\">Comportamiento<\/h3>\n<p data-start=\"4145\" data-end=\"4216\">Se requiere un comportamiento respetuoso con la vivienda y los vecinos.<\/p>\n<p data-start=\"4218\" data-end=\"4236\">No est\u00e1 permitido:<\/p>\n<ul data-start=\"4238\" data-end=\"4411\">\n<li data-section-id=\"6yfknv\" data-start=\"4238\" data-end=\"4274\">Hacer ruido despu\u00e9s de las 21:00<\/li>\n<li data-section-id=\"1xphste\" data-start=\"4275\" data-end=\"4296\">Organizar fiestas<\/li>\n<li data-section-id=\"1m3874p\" data-start=\"4297\" data-end=\"4330\">Realizar actividades ilegales<\/li>\n<li data-section-id=\"kgx8m9\" data-start=\"4331\" data-end=\"4362\">Fumar dentro de la vivienda<\/li>\n<li data-section-id=\"dsq06e\" data-start=\"4363\" data-end=\"4382\">Alojar mascotas<\/li>\n<li data-section-id=\"12dqrhb\" data-start=\"4383\" data-end=\"4411\">Usar barbacoas de carb\u00f3n<\/li>\n<\/ul>\n<p data-start=\"4413\" data-end=\"4499\"><strong data-start=\"4413\" data-end=\"4430\">STAY UP Flats<\/strong> podr\u00e1 rescindir la estancia sin reembolso en caso de incumplimiento.<\/p>\n<p data-start=\"4501\" data-end=\"4529\">No nos responsabilizamos de:<\/p>\n<ul data-start=\"4531\" data-end=\"4605\">\n<li data-section-id=\"1mnk38h\" data-start=\"4531\" data-end=\"4553\">Robos o accidentes<\/li>\n<li data-section-id=\"1f7wkky\" data-start=\"4554\" data-end=\"4573\">Ruidos externos<\/li>\n<li data-section-id=\"b8c1nd\" data-start=\"4574\" data-end=\"4605\">Situaciones de fuerza mayor<\/li>\n<\/ul>\n<hr data-start=\"4607\" data-end=\"4610\" \/>\n<h3 data-section-id=\"1b0y6je\" data-start=\"4612\" data-end=\"4636\">Animales de compa\u00f1\u00eda<\/h3>\n<p data-start=\"4638\" data-end=\"4714\">No est\u00e1n permitidos, excepto animales de asistencia con autorizaci\u00f3n previa.<\/p>\n<p data-start=\"4716\" data-end=\"4782\">El incumplimiento supondr\u00e1 la cancelaci\u00f3n inmediata sin reembolso.<\/p>\n<hr data-start=\"4784\" data-end=\"4787\" \/>\n<h3 data-section-id=\"yxu3ji\" data-start=\"4789\" data-end=\"4806\">Reclamaciones<\/h3>\n<p data-start=\"4808\" data-end=\"4866\">Las reclamaciones deben comunicarse durante la estancia a:<\/p>\n<p data-start=\"4868\" data-end=\"4892\">\ud83d\udce7 <a class=\"decorated-link cursor-pointer\" rel=\"noopener\" data-start=\"4871\" data-end=\"4892\">stayupflats@gmail.com<\/a><\/p>\n<p data-start=\"4894\" data-end=\"4957\">En <strong data-start=\"4897\" data-end=\"4914\">STAY UP Flats<\/strong> intentaremos resolverlas lo antes posible.<\/p>\n<hr data-start=\"4959\" data-end=\"4962\" \/>\n<h3 data-section-id=\"cu8271\" data-start=\"4964\" data-end=\"4974\">Fianza<\/h3>\n<p data-start=\"4976\" data-end=\"5019\">Se solicitar\u00e1 una fianza entre 100\u20ac y 300\u20ac.<\/p>\n<p data-start=\"5021\" data-end=\"5072\">Ser\u00e1 reembolsada tras la inspecci\u00f3n de la vivienda.<\/p>\n<p data-start=\"5074\" data-end=\"5125\"><strong data-start=\"5074\" data-end=\"5091\">STAY UP Flats<\/strong> podr\u00e1 retenerla en caso de da\u00f1os.<\/p>\n<hr data-start=\"5127\" data-end=\"5130\" \/>\n<h3 data-section-id=\"fuqbya\" data-start=\"5132\" data-end=\"5154\">Cambio de vivienda<\/h3>\n<p data-start=\"5156\" data-end=\"5227\">En caso de fuerza mayor o incidencias, <strong data-start=\"5195\" data-end=\"5212\">STAY UP Flats<\/strong> podr\u00e1 ofrecer:<\/p>\n<ul data-start=\"5229\" data-end=\"5314\">\n<li data-section-id=\"uv6wuw\" data-start=\"5229\" data-end=\"5282\">Un alojamiento alternativo equivalente o superior<\/li>\n<li data-section-id=\"licr3d\" data-start=\"5283\" data-end=\"5314\">O la devoluci\u00f3n del importe<\/li>\n<\/ul>\n<hr data-start=\"5316\" data-end=\"5319\" \/>\n<h3 data-section-id=\"bpfre6\" data-start=\"5321\" data-end=\"5340\">Responsabilidad<\/h3>\n<p data-start=\"5342\" data-end=\"5384\"><strong data-start=\"5342\" data-end=\"5359\">STAY UP Flats<\/strong> no se responsabiliza de:<\/p>\n<ul data-start=\"5386\" data-end=\"5428\">\n<li data-section-id=\"1obdl1w\" data-start=\"5386\" data-end=\"5406\">P\u00e9rdidas o robos<\/li>\n<li data-section-id=\"8b1o04\" data-start=\"5407\" data-end=\"5428\">Da\u00f1os por mal uso<\/li>\n<\/ul>\n<p data-start=\"5430\" data-end=\"5480\">El cliente ser\u00e1 responsable de los da\u00f1os causados.<\/p>\n<hr data-start=\"5482\" data-end=\"5485\" \/>\n<h3 data-section-id=\"hjiznm\" data-start=\"5487\" data-end=\"5510\">Protecci\u00f3n de datos<\/h3>\n<p data-start=\"5512\" data-end=\"5587\">Los datos ser\u00e1n tratados por <strong data-start=\"5541\" data-end=\"5558\">STAY UP Flats<\/strong> para la gesti\u00f3n de reservas.<\/p>\n<p data-start=\"5589\" data-end=\"5641\">El cliente puede ejercer sus derechos escribiendo a:<\/p>\n<p data-start=\"5643\" data-end=\"5667\">\ud83d\udce7 <a class=\"decorated-link cursor-pointer\" rel=\"noopener\" data-start=\"5646\" data-end=\"5667\">stayupflats@gmail.com<\/a><\/p>\n<hr data-start=\"5669\" data-end=\"5672\" \/>\n<h3 data-section-id=\"1fzy42k\" data-start=\"5674\" data-end=\"5706\">Ley aplicable y jurisdicci\u00f3n<\/h3>\n<p data-start=\"5708\" data-end=\"5758\">Este contrato se rige por la legislaci\u00f3n espa\u00f1ola.<\/p>\n<p data-start=\"5760\" data-end=\"5807\">Las partes se someten a los juzgados de M\u00e1laga.<\/p>\n<hr data-start=\"5809\" data-end=\"5812\" \/>\n<h3 data-section-id=\"6sxly1\" data-start=\"5814\" data-end=\"5836\">Registro tur\u00edstico<\/h3>\n<p data-start=\"5838\" data-end=\"5966\">Todas las viviendas gestionadas por <strong data-start=\"5874\" data-end=\"5891\">STAY UP Flats<\/strong> est\u00e1n registradas y cumplen la normativa vigente de la Junta de Andaluc\u00eda.<\/p>\n<p>[\/vc_column_text][\/vc_column][\/vc_row]<\/p>\n","protected":false},"excerpt":{"rendered":"<p>[vc_row][vc_column][\/vc_column][\/vc_row][vc_row][vc_column][\/vc_column][\/vc_row][vc_row][vc_column css=\u00bb.vc_custom_1637176841690{margin-top: 20% !important;margin-bottom: 15% !important;}\u00bb][vc_column_text] T\u00e9rminos y Condiciones Generales Antes de confirmar su reserva rogamos lea las siguientes condiciones cuidadosamente. Precios Los precios que se muestran en nuestro sitio web www.stayupflats.com son por vivienda y noche o semana siempre que se indique. Todos los precios est\u00e1n expresados en euros. Los precios incluyen todos los [&hellip;]<\/p>\n","protected":false},"author":3,"featured_media":0,"parent":0,"menu_order":0,"comment_status":"closed","ping_status":"closed","template":"","meta":{"_joinchat":[],"footnotes":""},"class_list":["post-9231","page","type-page","status-publish","hentry"],"yoast_head":"<!-- This site is optimized with the Yoast SEO plugin v27.3 - https:\/\/yoast.com\/product\/yoast-seo-wordpress\/ -->\n<title>T\u00e9rminos y Condiciones - STAY UP Flats<\/title>\n<meta name=\"robots\" content=\"index, follow, max-snippet:-1, max-image-preview:large, max-video-preview:-1\" \/>\n<link rel=\"canonical\" href=\"https:\/\/stayupflats.com\/?page_id=9231\" \/>\n<meta property=\"og:locale\" content=\"es_ES\" \/>\n<meta property=\"og:type\" content=\"article\" \/>\n<meta property=\"og:title\" content=\"T\u00e9rminos y Condiciones - STAY UP Flats\" \/>\n<meta property=\"og:description\" content=\"[vc_row][vc_column][\/vc_column][\/vc_row][vc_row][vc_column][\/vc_column][\/vc_row][vc_row][vc_column css=\u00bb.vc_custom_1637176841690{margin-top: 20% !important;margin-bottom: 15% !important;}\u00bb][vc_column_text] T\u00e9rminos y Condiciones Generales Antes de confirmar su reserva rogamos lea las siguientes condiciones cuidadosamente. Precios Los precios que se muestran en nuestro sitio web www.stayupflats.com son por vivienda y noche o semana siempre que se indique. Todos los precios est\u00e1n expresados en euros. Los precios incluyen todos los [&hellip;]\" \/>\n<meta property=\"og:url\" content=\"https:\/\/stayupflats.com\/?page_id=9231\" \/>\n<meta property=\"og:site_name\" content=\"STAY UP Flats\" \/>\n<meta property=\"article:modified_time\" content=\"2026-04-04T20:21:04+00:00\" \/>\n<meta name=\"twitter:card\" content=\"summary_large_image\" \/>\n<meta name=\"twitter:label1\" content=\"Tiempo de lectura\" \/>\n\t<meta name=\"twitter:data1\" content=\"4 minutos\" \/>\n<script type=\"application\/ld+json\" class=\"yoast-schema-graph\">{\"@context\":\"https:\\\/\\\/schema.org\",\"@graph\":[{\"@type\":\"WebPage\",\"@id\":\"https:\\\/\\\/stayupflats.com\\\/?page_id=9231\",\"url\":\"https:\\\/\\\/stayupflats.com\\\/?page_id=9231\",\"name\":\"T\u00e9rminos y Condiciones - STAY UP Flats\",\"isPartOf\":{\"@id\":\"https:\\\/\\\/stayupflats.com\\\/#website\"},\"datePublished\":\"2021-11-17T19:17:59+00:00\",\"dateModified\":\"2026-04-04T20:21:04+00:00\",\"breadcrumb\":{\"@id\":\"https:\\\/\\\/stayupflats.com\\\/?page_id=9231#breadcrumb\"},\"inLanguage\":\"es\",\"potentialAction\":[{\"@type\":\"ReadAction\",\"target\":[\"https:\\\/\\\/stayupflats.com\\\/?page_id=9231\"]}]},{\"@type\":\"BreadcrumbList\",\"@id\":\"https:\\\/\\\/stayupflats.com\\\/?page_id=9231#breadcrumb\",\"itemListElement\":[{\"@type\":\"ListItem\",\"position\":1,\"name\":\"Portada\",\"item\":\"https:\\\/\\\/stayupflats.com\\\/\"},{\"@type\":\"ListItem\",\"position\":2,\"name\":\"T\u00e9rminos y Condiciones\"}]},{\"@type\":\"WebSite\",\"@id\":\"https:\\\/\\\/stayupflats.com\\\/#website\",\"url\":\"https:\\\/\\\/stayupflats.com\\\/\",\"name\":\"STAY UP Flats\",\"description\":\"Alquiler de apartamentos tur\u00edsticos y real estate en M\u00e1laga y la Costa del Sol. Rent of tourist apartments and real estate in Malaga and the Costa del Sol\",\"publisher\":{\"@id\":\"https:\\\/\\\/stayupflats.com\\\/#organization\"},\"potentialAction\":[{\"@type\":\"SearchAction\",\"target\":{\"@type\":\"EntryPoint\",\"urlTemplate\":\"https:\\\/\\\/stayupflats.com\\\/?s={search_term_string}\"},\"query-input\":{\"@type\":\"PropertyValueSpecification\",\"valueRequired\":true,\"valueName\":\"search_term_string\"}}],\"inLanguage\":\"es\"},{\"@type\":\"Organization\",\"@id\":\"https:\\\/\\\/stayupflats.com\\\/#organization\",\"name\":\"MLG Center Apartments\",\"url\":\"https:\\\/\\\/stayupflats.com\\\/\",\"logo\":{\"@type\":\"ImageObject\",\"inLanguage\":\"es\",\"@id\":\"https:\\\/\\\/stayupflats.com\\\/#\\\/schema\\\/logo\\\/image\\\/\",\"url\":\"https:\\\/\\\/stayupflats.com\\\/wp-content\\\/uploads\\\/2022\\\/02\\\/MLG-APARTMENTS-LOGO-def-03.png\",\"contentUrl\":\"https:\\\/\\\/stayupflats.com\\\/wp-content\\\/uploads\\\/2022\\\/02\\\/MLG-APARTMENTS-LOGO-def-03.png\",\"width\":2755,\"height\":2755,\"caption\":\"MLG Center Apartments\"},\"image\":{\"@id\":\"https:\\\/\\\/stayupflats.com\\\/#\\\/schema\\\/logo\\\/image\\\/\"}}]}<\/script>\n<!-- \/ Yoast SEO plugin. -->","yoast_head_json":{"title":"T\u00e9rminos y Condiciones - STAY UP Flats","robots":{"index":"index","follow":"follow","max-snippet":"max-snippet:-1","max-image-preview":"max-image-preview:large","max-video-preview":"max-video-preview:-1"},"canonical":"https:\/\/stayupflats.com\/?page_id=9231","og_locale":"es_ES","og_type":"article","og_title":"T\u00e9rminos y Condiciones - STAY UP Flats","og_description":"[vc_row][vc_column][\/vc_column][\/vc_row][vc_row][vc_column][\/vc_column][\/vc_row][vc_row][vc_column css=\u00bb.vc_custom_1637176841690{margin-top: 20% !important;margin-bottom: 15% !important;}\u00bb][vc_column_text] T\u00e9rminos y Condiciones Generales Antes de confirmar su reserva rogamos lea las siguientes condiciones cuidadosamente. Precios Los precios que se muestran en nuestro sitio web www.stayupflats.com son por vivienda y noche o semana siempre que se indique. Todos los precios est\u00e1n expresados en euros. Los precios incluyen todos los [&hellip;]","og_url":"https:\/\/stayupflats.com\/?page_id=9231","og_site_name":"STAY UP Flats","article_modified_time":"2026-04-04T20:21:04+00:00","twitter_card":"summary_large_image","twitter_misc":{"Tiempo de lectura":"4 minutos"},"schema":{"@context":"https:\/\/schema.org","@graph":[{"@type":"WebPage","@id":"https:\/\/stayupflats.com\/?page_id=9231","url":"https:\/\/stayupflats.com\/?page_id=9231","name":"T\u00e9rminos y Condiciones - STAY UP Flats","isPartOf":{"@id":"https:\/\/stayupflats.com\/#website"},"datePublished":"2021-11-17T19:17:59+00:00","dateModified":"2026-04-04T20:21:04+00:00","breadcrumb":{"@id":"https:\/\/stayupflats.com\/?page_id=9231#breadcrumb"},"inLanguage":"es","potentialAction":[{"@type":"ReadAction","target":["https:\/\/stayupflats.com\/?page_id=9231"]}]},{"@type":"BreadcrumbList","@id":"https:\/\/stayupflats.com\/?page_id=9231#breadcrumb","itemListElement":[{"@type":"ListItem","position":1,"name":"Portada","item":"https:\/\/stayupflats.com\/"},{"@type":"ListItem","position":2,"name":"T\u00e9rminos y Condiciones"}]},{"@type":"WebSite","@id":"https:\/\/stayupflats.com\/#website","url":"https:\/\/stayupflats.com\/","name":"STAY UP Flats","description":"Alquiler de apartamentos tur\u00edsticos y real estate en M\u00e1laga y la Costa del Sol. Rent of tourist apartments and real estate in Malaga and the Costa del Sol","publisher":{"@id":"https:\/\/stayupflats.com\/#organization"},"potentialAction":[{"@type":"SearchAction","target":{"@type":"EntryPoint","urlTemplate":"https:\/\/stayupflats.com\/?s={search_term_string}"},"query-input":{"@type":"PropertyValueSpecification","valueRequired":true,"valueName":"search_term_string"}}],"inLanguage":"es"},{"@type":"Organization","@id":"https:\/\/stayupflats.com\/#organization","name":"MLG Center Apartments","url":"https:\/\/stayupflats.com\/","logo":{"@type":"ImageObject","inLanguage":"es","@id":"https:\/\/stayupflats.com\/#\/schema\/logo\/image\/","url":"https:\/\/stayupflats.com\/wp-content\/uploads\/2022\/02\/MLG-APARTMENTS-LOGO-def-03.png","contentUrl":"https:\/\/stayupflats.com\/wp-content\/uploads\/2022\/02\/MLG-APARTMENTS-LOGO-def-03.png","width":2755,"height":2755,"caption":"MLG Center Apartments"},"image":{"@id":"https:\/\/stayupflats.com\/#\/schema\/logo\/image\/"}}]}},"_links":{"self":[{"href":"https:\/\/stayupflats.com\/index.php?rest_route=\/wp\/v2\/pages\/9231","targetHints":{"allow":["GET"]}}],"collection":[{"href":"https:\/\/stayupflats.com\/index.php?rest_route=\/wp\/v2\/pages"}],"about":[{"href":"https:\/\/stayupflats.com\/index.php?rest_route=\/wp\/v2\/types\/page"}],"author":[{"embeddable":true,"href":"https:\/\/stayupflats.com\/index.php?rest_route=\/wp\/v2\/users\/3"}],"replies":[{"embeddable":true,"href":"https:\/\/stayupflats.com\/index.php?rest_route=%2Fwp%2Fv2%2Fcomments&post=9231"}],"version-history":[{"count":8,"href":"https:\/\/stayupflats.com\/index.php?rest_route=\/wp\/v2\/pages\/9231\/revisions"}],"predecessor-version":[{"id":9938,"href":"https:\/\/stayupflats.com\/index.php?rest_route=\/wp\/v2\/pages\/9231\/revisions\/9938"}],"wp:attachment":[{"href":"https:\/\/stayupflats.com\/index.php?rest_route=%2Fwp%2Fv2%2Fmedia&parent=9231"}],"curies":[{"name":"wp","href":"https:\/\/api.w.org\/{rel}","templated":true}]}}