{"id":8892,"date":"2021-10-26T23:10:11","date_gmt":"2021-10-27T02:10:11","guid":{"rendered":"http:\/\/localhost\/malagacenter\/?page_id=8892"},"modified":"2026-04-04T17:16:08","modified_gmt":"2026-04-04T20:16:08","slug":"servicios-adicionales","status":"publish","type":"page","link":"https:\/\/stayupflats.com\/?page_id=8892","title":{"rendered":"Servicios adicionales"},"content":{"rendered":"<p>[vc_row][vc_column][vc_column_text css=\u00bb.vc_custom_1775333765370{margin-bottom: 60px !important;}\u00bb]<\/p>\n<h3 style=\"text-align: center;\">Servicios adicionales<\/h3>\n<p style=\"text-align: left;\"><span style=\"font-weight: 400;\">\u00a0<\/span><\/p>\n<p style=\"text-align: left;\"><b>Transfer<br \/>\n<\/b><span style=\"font-weight: 400;\">STAY UP Flats ofrece un servicio de transporte desde y hasta el aeropuerto de M\u00e1laga, la estaci\u00f3n de autobuses y trenes, o cualquier otro punto que nuestros clientes necesiten. Tenemos la soluci\u00f3n que mejor se adapte a tus necesidades.<\/span><\/p>\n<p style=\"text-align: left;\"><span style=\"font-weight: 400;\">STAY UP Flats te ofrece la opci\u00f3n m\u00e1s adecuada y econ\u00f3mica para que llegues a destino sin problemas.<\/span><\/p>\n<p><b>Limpieza durante tu estancia<br \/>\n<\/b><span style=\"font-weight: 400;\">Adem\u00e1s de la limpieza incluida en el precio de tu apartamento, ofrecemos la posibilidad de contratar un servicio adicional de acuerdo a tus necesidades.<\/span><\/p>\n<p><span style=\"font-weight: 400;\">Igualmente, todas nuestros apartamentos disponen de lavadora, pero si lo deseas, puedes contactar con nosotros y nos encargamos de la limpieza y planchado de tu ropa.<\/span><\/p>\n<p style=\"text-align: left;\"><span style=\"font-weight: 400;\">\u00a0<\/span><b>Late Check In \/ Late Check Out<br \/>\n<\/b><span style=\"font-weight: 400;\">Queremos que tu estancia te permita relajarte y desconectar. Por eso trabajamos para que no tengas que preocuparte por los peque\u00f1os imprevistos durante tu viaje. Si solicitas Late Check In, podr\u00e1s llegar a la hora que quieras y estaremos a tu disposici\u00f3n para recibirte.\u00a0<\/span><\/p>\n<p><b>Solicita Late Check Out y disfruta de tu apartamento tambi\u00e9n el d\u00eda de tu salida.<\/b><\/p>\n<p style=\"text-align: left;\"><span style=\"font-weight: 400;\">\u00a0<\/span><\/p>\n<p>[\/vc_column_text][\/vc_column][\/vc_row][vc_row][vc_column css=\u00bb.vc_custom_1635443024513{padding-left: 8% !important;}\u00bb][vc_images_carousel images=\u00bb9025,9026,9027,9028&#8243; img_size=\u00bbfull\u00bb onclick=\u00bblink_no\u00bb speed=\u00bb1800&#8243; autoplay=\u00bbyes\u00bb hide_pagination_control=\u00bbyes\u00bb hide_prev_next_buttons=\u00bbyes\u00bb wrap=\u00bbyes\u00bb css=\u00bb.vc_custom_1636744613231{margin-bottom: 10% !important;}\u00bb][\/vc_column][\/vc_row]<\/p>\n","protected":false},"excerpt":{"rendered":"<p>[vc_row][vc_column][vc_column_text css=\u00bb.vc_custom_1775333765370{margin-bottom: 60px !important;}\u00bb] Servicios adicionales \u00a0 Transfer STAY UP Flats ofrece un servicio de transporte desde y hasta el aeropuerto de M\u00e1laga, la estaci\u00f3n de autobuses y trenes, o cualquier otro punto que nuestros clientes necesiten. Tenemos la soluci\u00f3n que mejor se adapte a tus necesidades. STAY UP Flats te ofrece la opci\u00f3n m\u00e1s [&hellip;]<\/p>\n","protected":false},"author":3,"featured_media":0,"parent":0,"menu_order":0,"comment_status":"closed","ping_status":"closed","template":"","meta":{"_joinchat":[],"footnotes":""},"class_list":["post-8892","page","type-page","status-publish","hentry"],"yoast_head":"<!-- This site is optimized with the Yoast SEO plugin v27.3 - https:\/\/yoast.com\/product\/yoast-seo-wordpress\/ -->\n<title>Servicios adicionales - STAY UP Flats<\/title>\n<meta name=\"robots\" content=\"index, follow, max-snippet:-1, max-image-preview:large, max-video-preview:-1\" \/>\n<link rel=\"canonical\" href=\"https:\/\/stayupflats.com\/?page_id=8892\" \/>\n<meta property=\"og:locale\" content=\"es_ES\" \/>\n<meta property=\"og:type\" content=\"article\" \/>\n<meta property=\"og:title\" content=\"Servicios adicionales - STAY UP Flats\" \/>\n<meta property=\"og:description\" content=\"[vc_row][vc_column][vc_column_text css=\u00bb.vc_custom_1775333765370{margin-bottom: 60px !important;}\u00bb] Servicios adicionales \u00a0 Transfer STAY UP Flats ofrece un servicio de transporte desde y hasta el aeropuerto de M\u00e1laga, la estaci\u00f3n de autobuses y trenes, o cualquier otro punto que nuestros clientes necesiten. Tenemos la soluci\u00f3n que mejor se adapte a tus necesidades. STAY UP Flats te ofrece la opci\u00f3n m\u00e1s [&hellip;]\" \/>\n<meta property=\"og:url\" content=\"https:\/\/stayupflats.com\/?page_id=8892\" \/>\n<meta property=\"og:site_name\" content=\"STAY UP Flats\" \/>\n<meta property=\"article:modified_time\" content=\"2026-04-04T20:16:08+00:00\" \/>\n<meta name=\"twitter:card\" content=\"summary_large_image\" \/>\n<meta name=\"twitter:label1\" content=\"Tiempo de lectura\" \/>\n\t<meta name=\"twitter:data1\" content=\"1 minuto\" \/>\n<script type=\"application\/ld+json\" class=\"yoast-schema-graph\">{\"@context\":\"https:\\\/\\\/schema.org\",\"@graph\":[{\"@type\":\"WebPage\",\"@id\":\"https:\\\/\\\/stayupflats.com\\\/?page_id=8892\",\"url\":\"https:\\\/\\\/stayupflats.com\\\/?page_id=8892\",\"name\":\"Servicios adicionales - STAY UP Flats\",\"isPartOf\":{\"@id\":\"https:\\\/\\\/stayupflats.com\\\/#website\"},\"datePublished\":\"2021-10-27T02:10:11+00:00\",\"dateModified\":\"2026-04-04T20:16:08+00:00\",\"breadcrumb\":{\"@id\":\"https:\\\/\\\/stayupflats.com\\\/?page_id=8892#breadcrumb\"},\"inLanguage\":\"es\",\"potentialAction\":[{\"@type\":\"ReadAction\",\"target\":[\"https:\\\/\\\/stayupflats.com\\\/?page_id=8892\"]}]},{\"@type\":\"BreadcrumbList\",\"@id\":\"https:\\\/\\\/stayupflats.com\\\/?page_id=8892#breadcrumb\",\"itemListElement\":[{\"@type\":\"ListItem\",\"position\":1,\"name\":\"Portada\",\"item\":\"https:\\\/\\\/stayupflats.com\\\/\"},{\"@type\":\"ListItem\",\"position\":2,\"name\":\"Servicios adicionales\"}]},{\"@type\":\"WebSite\",\"@id\":\"https:\\\/\\\/stayupflats.com\\\/#website\",\"url\":\"https:\\\/\\\/stayupflats.com\\\/\",\"name\":\"STAY UP Flats\",\"description\":\"Alquiler de apartamentos tur\u00edsticos y real estate en M\u00e1laga y la Costa del Sol. Rent of tourist apartments and real estate in Malaga and the Costa del Sol\",\"publisher\":{\"@id\":\"https:\\\/\\\/stayupflats.com\\\/#organization\"},\"potentialAction\":[{\"@type\":\"SearchAction\",\"target\":{\"@type\":\"EntryPoint\",\"urlTemplate\":\"https:\\\/\\\/stayupflats.com\\\/?s={search_term_string}\"},\"query-input\":{\"@type\":\"PropertyValueSpecification\",\"valueRequired\":true,\"valueName\":\"search_term_string\"}}],\"inLanguage\":\"es\"},{\"@type\":\"Organization\",\"@id\":\"https:\\\/\\\/stayupflats.com\\\/#organization\",\"name\":\"MLG Center Apartments\",\"url\":\"https:\\\/\\\/stayupflats.com\\\/\",\"logo\":{\"@type\":\"ImageObject\",\"inLanguage\":\"es\",\"@id\":\"https:\\\/\\\/stayupflats.com\\\/#\\\/schema\\\/logo\\\/image\\\/\",\"url\":\"https:\\\/\\\/stayupflats.com\\\/wp-content\\\/uploads\\\/2022\\\/02\\\/MLG-APARTMENTS-LOGO-def-03.png\",\"contentUrl\":\"https:\\\/\\\/stayupflats.com\\\/wp-content\\\/uploads\\\/2022\\\/02\\\/MLG-APARTMENTS-LOGO-def-03.png\",\"width\":2755,\"height\":2755,\"caption\":\"MLG Center Apartments\"},\"image\":{\"@id\":\"https:\\\/\\\/stayupflats.com\\\/#\\\/schema\\\/logo\\\/image\\\/\"}}]}<\/script>\n<!-- \/ Yoast SEO plugin. -->","yoast_head_json":{"title":"Servicios adicionales - STAY UP Flats","robots":{"index":"index","follow":"follow","max-snippet":"max-snippet:-1","max-image-preview":"max-image-preview:large","max-video-preview":"max-video-preview:-1"},"canonical":"https:\/\/stayupflats.com\/?page_id=8892","og_locale":"es_ES","og_type":"article","og_title":"Servicios adicionales - STAY UP Flats","og_description":"[vc_row][vc_column][vc_column_text css=\u00bb.vc_custom_1775333765370{margin-bottom: 60px !important;}\u00bb] Servicios adicionales \u00a0 Transfer STAY UP Flats ofrece un servicio de transporte desde y hasta el aeropuerto de M\u00e1laga, la estaci\u00f3n de autobuses y trenes, o cualquier otro punto que nuestros clientes necesiten. Tenemos la soluci\u00f3n que mejor se adapte a tus necesidades. STAY UP Flats te ofrece la opci\u00f3n m\u00e1s [&hellip;]","og_url":"https:\/\/stayupflats.com\/?page_id=8892","og_site_name":"STAY UP Flats","article_modified_time":"2026-04-04T20:16:08+00:00","twitter_card":"summary_large_image","twitter_misc":{"Tiempo de lectura":"1 minuto"},"schema":{"@context":"https:\/\/schema.org","@graph":[{"@type":"WebPage","@id":"https:\/\/stayupflats.com\/?page_id=8892","url":"https:\/\/stayupflats.com\/?page_id=8892","name":"Servicios adicionales - STAY UP Flats","isPartOf":{"@id":"https:\/\/stayupflats.com\/#website"},"datePublished":"2021-10-27T02:10:11+00:00","dateModified":"2026-04-04T20:16:08+00:00","breadcrumb":{"@id":"https:\/\/stayupflats.com\/?page_id=8892#breadcrumb"},"inLanguage":"es","potentialAction":[{"@type":"ReadAction","target":["https:\/\/stayupflats.com\/?page_id=8892"]}]},{"@type":"BreadcrumbList","@id":"https:\/\/stayupflats.com\/?page_id=8892#breadcrumb","itemListElement":[{"@type":"ListItem","position":1,"name":"Portada","item":"https:\/\/stayupflats.com\/"},{"@type":"ListItem","position":2,"name":"Servicios adicionales"}]},{"@type":"WebSite","@id":"https:\/\/stayupflats.com\/#website","url":"https:\/\/stayupflats.com\/","name":"STAY UP Flats","description":"Alquiler de apartamentos tur\u00edsticos y real estate en M\u00e1laga y la Costa del Sol. Rent of tourist apartments and real estate in Malaga and the Costa del Sol","publisher":{"@id":"https:\/\/stayupflats.com\/#organization"},"potentialAction":[{"@type":"SearchAction","target":{"@type":"EntryPoint","urlTemplate":"https:\/\/stayupflats.com\/?s={search_term_string}"},"query-input":{"@type":"PropertyValueSpecification","valueRequired":true,"valueName":"search_term_string"}}],"inLanguage":"es"},{"@type":"Organization","@id":"https:\/\/stayupflats.com\/#organization","name":"MLG Center Apartments","url":"https:\/\/stayupflats.com\/","logo":{"@type":"ImageObject","inLanguage":"es","@id":"https:\/\/stayupflats.com\/#\/schema\/logo\/image\/","url":"https:\/\/stayupflats.com\/wp-content\/uploads\/2022\/02\/MLG-APARTMENTS-LOGO-def-03.png","contentUrl":"https:\/\/stayupflats.com\/wp-content\/uploads\/2022\/02\/MLG-APARTMENTS-LOGO-def-03.png","width":2755,"height":2755,"caption":"MLG Center Apartments"},"image":{"@id":"https:\/\/stayupflats.com\/#\/schema\/logo\/image\/"}}]}},"_links":{"self":[{"href":"https:\/\/stayupflats.com\/index.php?rest_route=\/wp\/v2\/pages\/8892","targetHints":{"allow":["GET"]}}],"collection":[{"href":"https:\/\/stayupflats.com\/index.php?rest_route=\/wp\/v2\/pages"}],"about":[{"href":"https:\/\/stayupflats.com\/index.php?rest_route=\/wp\/v2\/types\/page"}],"author":[{"embeddable":true,"href":"https:\/\/stayupflats.com\/index.php?rest_route=\/wp\/v2\/users\/3"}],"replies":[{"embeddable":true,"href":"https:\/\/stayupflats.com\/index.php?rest_route=%2Fwp%2Fv2%2Fcomments&post=8892"}],"version-history":[{"count":9,"href":"https:\/\/stayupflats.com\/index.php?rest_route=\/wp\/v2\/pages\/8892\/revisions"}],"predecessor-version":[{"id":9937,"href":"https:\/\/stayupflats.com\/index.php?rest_route=\/wp\/v2\/pages\/8892\/revisions\/9937"}],"wp:attachment":[{"href":"https:\/\/stayupflats.com\/index.php?rest_route=%2Fwp%2Fv2%2Fmedia&parent=8892"}],"curies":[{"name":"wp","href":"https:\/\/api.w.org\/{rel}","templated":true}]}}