{"id":8616,"date":"2021-10-19T16:43:30","date_gmt":"2021-10-19T19:43:30","guid":{"rendered":"http:\/\/localhost\/malagacenter\/?page_id=8616"},"modified":"2026-04-04T17:15:14","modified_gmt":"2026-04-04T20:15:14","slug":"propietarios","status":"publish","type":"page","link":"https:\/\/stayupflats.com\/?page_id=8616","title":{"rendered":"Propietarios"},"content":{"rendered":"<p>[vc_row][vc_column][vc_column_text css=\u00bb.vc_custom_1775333710258{margin-bottom: 60px !important;}\u00bb]<\/p>\n<h3 style=\"text-align: center;\">Propietarios<\/h3>\n<p style=\"text-align: center;\"><span style=\"font-weight: 400;\"><br \/>\nSabemos que muchos de nuestros propietarios no tienen el tiempo necesario para hacerse cargo del d\u00eda a d\u00eda de sus propiedades. Por eso, ofrecemos un servicio completo para facilitar las gestiones y resolver cualquier problema que pueda suceder en tu propiedad. Si crees que tu propiedad o cartera de propiedades pueden formar parte de STAY UP Flats, por favor ponte en contacto con nosotros.<br \/>\n<\/span><\/p>\n<p>[\/vc_column_text][\/vc_column][\/vc_row][vc_row css=\u00bb.vc_custom_1637327394164{margin-top: 2% !important;margin-bottom: 2% !important;}\u00bb][vc_column width=\u00bb1\/4&#8243;][vc_hoverbox image=\u00bb9192&#8243; primary_title=\u00bb\u00bb hover_title=\u00bbRegistro de tu propiedad\u00bb hover_title_font_container=\u00bbfont_size:25px\u00bb hover_title_use_theme_fonts=\u00bbyes\u00bb hover_background_color=\u00bbwhite\u00bb use_custom_fonts_hover_title=\u00bbtrue\u00bb css=\u00bb.vc_custom_1638043567782{margin-top: 15px !important;margin-right: 15px !important;margin-bottom: 15px !important;margin-left: 15px !important;}\u00bb]<span style=\"font-weight: 400;\">Gestionamos todos los tr\u00e1mites legales de tu propiedad en la Junta de Andaluc\u00eda y Hospeder\u00edas de la Guardia Civil, obteniendo la correspondiente Licencia tur\u00edstica (VFT)<\/span>[\/vc_hoverbox][\/vc_column][vc_column width=\u00bb1\/4&#8243;][vc_hoverbox image=\u00bb9194&#8243; primary_title=\u00bb\u00bb hover_title=\u00bbPublicaci\u00f3n en los mejores canales de venta\u00bb hover_title_font_container=\u00bbfont_size:25px\u00bb hover_title_use_theme_fonts=\u00bbyes\u00bb hover_background_color=\u00bbwhite\u00bb use_custom_fonts_hover_title=\u00bbtrue\u00bb css=\u00bb.vc_custom_1638043883632{margin: 10px !important;}\u00bb]<span style=\"font-weight: 400;\">Fotografiamos y realizamos descripciones detalladas de tu propiedad, d\u00e1ndola de alta para su comercializaci\u00f3n a trav\u00e9s de las principales plataformas digitales.<\/span>[\/vc_hoverbox][\/vc_column][vc_column width=\u00bb1\/4&#8243;][vc_hoverbox image=\u00bb9196&#8243; primary_title=\u00bb\u00bb hover_title=\u00bbReservas, gesti\u00f3n y seguimiento de clientes\u00bb hover_title_font_container=\u00bbfont_size:25px\u00bb hover_title_use_theme_fonts=\u00bbyes\u00bb hover_background_color=\u00bbwhite\u00bb use_custom_fonts_hover_title=\u00bbtrue\u00bb css=\u00bb.vc_custom_1638043588920{margin-top: 15px !important;margin-right: 15px !important;margin-bottom: 15px !important;margin-left: 15px !important;}\u00bb]<span style=\"font-weight: 400;\">Nos encargamos del calendario de reservas de tu propiedad, consultas y preguntas de los posibles clientes, las reservas y los pagos de los mismos.<\/span>[\/vc_hoverbox][\/vc_column][vc_column width=\u00bb1\/4&#8243;][vc_hoverbox image=\u00bb9198&#8243; primary_title=\u00bb\u00bb hover_title=\u00bbLimpieza y lavander\u00eda\u00bb hover_title_font_container=\u00bbfont_size:25&#8243; hover_title_use_theme_fonts=\u00bbyes\u00bb hover_background_color=\u00bbwhite\u00bb use_custom_fonts_hover_title=\u00bbtrue\u00bb css=\u00bb.vc_custom_1638043597992{margin-top: 15px !important;margin-right: 15px !important;margin-bottom: 15px !important;margin-left: 15px !important;}\u00bb]<span style=\"font-weight: 400;\">Gesti\u00f3n integral de la limpieza de tu propiedad tanto en la entrada como en la salida de clientes.<br \/>\n<\/span><span style=\"font-weight: 400;\">Lavado de s\u00e1banas y toallas a altas temperaturas en lavander\u00eda industrial.<\/span>[\/vc_hoverbox][\/vc_column][\/vc_row][vc_row css=\u00bb.vc_custom_1634674771326{margin-top: 25px !important;}\u00bb][vc_column width=\u00bb1\/4&#8243;][vc_hoverbox image=\u00bb9200&#8243; primary_title=\u00bb\u00bb hover_title=\u00bbCheck In\u00bb hover_title_font_container=\u00bbfont_size:25px\u00bb hover_title_use_theme_fonts=\u00bbyes\u00bb hover_background_color=\u00bbwhite\u00bb use_custom_fonts_hover_title=\u00bbtrue\u00bb css=\u00bb.vc_custom_1638043633304{margin-top: 15px !important;margin-right: 15px !important;margin-bottom: 15px !important;margin-left: 15px !important;}\u00bb]<span style=\"font-weight: 400;\">Recibimos al cliente en la puerta de la propiedad.<br \/>\n<\/span><span style=\"font-weight: 400;\">Le ense\u00f1aremos la propiedad y le guiaremos en todo lo que nos solicite.<br \/>\n<\/span>[\/vc_hoverbox][\/vc_column][vc_column width=\u00bb1\/4&#8243;][vc_hoverbox image=\u00bb9202&#8243; primary_title=\u00bb\u00bb hover_title=\u00bbCheck Out\u00bb hover_title_font_container=\u00bbfont_size:25px\u00bb hover_title_use_theme_fonts=\u00bbyes\u00bb hover_background_color=\u00bbwhite\u00bb use_custom_fonts_hover_title=\u00bbtrue\u00bb css=\u00bb.vc_custom_1638043641846{margin-top: 15px !important;margin-right: 15px !important;margin-bottom: 15px !important;margin-left: 15px !important;}\u00bb]<span style=\"font-weight: 400;\">Revisamos la propiedad para asegurarnos que est\u00e1 en las mismas condiciones en las que ha sido entregada. En caso de que haya alg\u00fan desperfecto, nos encargamos de reclamar al hu\u00e9sped a trav\u00e9s de su fianza.<\/span><\/p>\n<p>&nbsp;[\/vc_hoverbox][\/vc_column][vc_column width=\u00bb1\/4&#8243;][vc_hoverbox image=\u00bb9204&#8243; primary_title=\u00bb\u00bb hover_title=\u00bbAtenci\u00f3n al cliente durante su estancia\u00bb hover_title_font_container=\u00bbfont_size:25px\u00bb hover_title_use_theme_fonts=\u00bbyes\u00bb hover_background_color=\u00bbwhite\u00bb use_custom_fonts_hover_title=\u00bbtrue\u00bb css=\u00bb.vc_custom_1638043655478{margin-top: 15px !important;margin-right: 15px !important;margin-bottom: 15px !important;margin-left: 15px !important;}\u00bb]<span style=\"font-weight: 400;\">Atendemos cualquier tipo de consulta, emergencia (p\u00e9rdida de llaves, aver\u00edas urgentes) <\/span><span style=\"font-weight: 400;\">Servicios extras de limpieza, cambio de s\u00e1banas, toallas, etc.<br \/>\n<\/span><span style=\"font-weight: 400;\">Servicio 24 hs.<\/span>[\/vc_hoverbox][\/vc_column][vc_column width=\u00bb1\/4&#8243;][vc_hoverbox image=\u00bb9205&#8243; primary_title=\u00bb\u00bb hover_title=\u00bbMantenimiento y aver\u00edas\u00bb hover_title_font_container=\u00bbfont_size:25px\u00bb hover_title_use_theme_fonts=\u00bbyes\u00bb hover_background_color=\u00bbwhite\u00bb use_custom_fonts_hover_title=\u00bbtrue\u00bb css=\u00bb.vc_custom_1638043663903{margin-top: 15px !important;margin-right: 15px !important;margin-bottom: 15px !important;margin-left: 15px !important;}\u00bb]<span style=\"font-weight: 400;\">Nos hacemos cargo del completo mantenimiento de tu propiedad.<br \/>\n<\/span>[\/vc_hoverbox][\/vc_column][\/vc_row][vc_row][vc_column][vc_empty_space css=\u00bb.vc_custom_1635444897844{margin-bottom: 10% !important;}\u00bb][\/vc_column][\/vc_row][vc_row][vc_column width=\u00bb1\/6&#8243;][vc_column_text]&nbsp;[\/vc_column_text][\/vc_column][vc_column width=\u00bb1\/6&#8243;][vc_column_text]&nbsp;[\/vc_column_text][\/vc_column][\/vc_row]<\/p>\n","protected":false},"excerpt":{"rendered":"<p>[vc_row][vc_column][vc_column_text css=\u00bb.vc_custom_1775333710258{margin-bottom: 60px !important;}\u00bb] Propietarios Sabemos que muchos de nuestros propietarios no tienen el tiempo necesario para hacerse cargo del d\u00eda a d\u00eda de sus propiedades. Por eso, ofrecemos un servicio completo para facilitar las gestiones y resolver cualquier problema que pueda suceder en tu propiedad. Si crees que tu propiedad o cartera de propiedades [&hellip;]<\/p>\n","protected":false},"author":3,"featured_media":0,"parent":0,"menu_order":0,"comment_status":"closed","ping_status":"closed","template":"","meta":{"_joinchat":[],"footnotes":""},"class_list":["post-8616","page","type-page","status-publish","hentry"],"yoast_head":"<!-- This site is optimized with the Yoast SEO plugin v27.3 - https:\/\/yoast.com\/product\/yoast-seo-wordpress\/ -->\n<title>Propietarios - STAY UP Flats<\/title>\n<meta name=\"robots\" content=\"index, follow, max-snippet:-1, max-image-preview:large, max-video-preview:-1\" \/>\n<link rel=\"canonical\" href=\"https:\/\/stayupflats.com\/?page_id=8616\" \/>\n<meta property=\"og:locale\" content=\"es_ES\" \/>\n<meta property=\"og:type\" content=\"article\" \/>\n<meta property=\"og:title\" content=\"Propietarios - STAY UP Flats\" \/>\n<meta property=\"og:description\" content=\"[vc_row][vc_column][vc_column_text css=\u00bb.vc_custom_1775333710258{margin-bottom: 60px !important;}\u00bb] Propietarios Sabemos que muchos de nuestros propietarios no tienen el tiempo necesario para hacerse cargo del d\u00eda a d\u00eda de sus propiedades. Por eso, ofrecemos un servicio completo para facilitar las gestiones y resolver cualquier problema que pueda suceder en tu propiedad. Si crees que tu propiedad o cartera de propiedades [&hellip;]\" \/>\n<meta property=\"og:url\" content=\"https:\/\/stayupflats.com\/?page_id=8616\" \/>\n<meta property=\"og:site_name\" content=\"STAY UP Flats\" \/>\n<meta property=\"article:modified_time\" content=\"2026-04-04T20:15:14+00:00\" \/>\n<meta name=\"twitter:card\" content=\"summary_large_image\" \/>\n<meta name=\"twitter:label1\" content=\"Tiempo de lectura\" \/>\n\t<meta name=\"twitter:data1\" content=\"4 minutos\" \/>\n<script type=\"application\/ld+json\" class=\"yoast-schema-graph\">{\"@context\":\"https:\\\/\\\/schema.org\",\"@graph\":[{\"@type\":\"WebPage\",\"@id\":\"https:\\\/\\\/stayupflats.com\\\/?page_id=8616\",\"url\":\"https:\\\/\\\/stayupflats.com\\\/?page_id=8616\",\"name\":\"Propietarios - STAY UP Flats\",\"isPartOf\":{\"@id\":\"https:\\\/\\\/stayupflats.com\\\/#website\"},\"datePublished\":\"2021-10-19T19:43:30+00:00\",\"dateModified\":\"2026-04-04T20:15:14+00:00\",\"breadcrumb\":{\"@id\":\"https:\\\/\\\/stayupflats.com\\\/?page_id=8616#breadcrumb\"},\"inLanguage\":\"es\",\"potentialAction\":[{\"@type\":\"ReadAction\",\"target\":[\"https:\\\/\\\/stayupflats.com\\\/?page_id=8616\"]}]},{\"@type\":\"BreadcrumbList\",\"@id\":\"https:\\\/\\\/stayupflats.com\\\/?page_id=8616#breadcrumb\",\"itemListElement\":[{\"@type\":\"ListItem\",\"position\":1,\"name\":\"Portada\",\"item\":\"https:\\\/\\\/stayupflats.com\\\/\"},{\"@type\":\"ListItem\",\"position\":2,\"name\":\"Propietarios\"}]},{\"@type\":\"WebSite\",\"@id\":\"https:\\\/\\\/stayupflats.com\\\/#website\",\"url\":\"https:\\\/\\\/stayupflats.com\\\/\",\"name\":\"STAY UP Flats\",\"description\":\"Alquiler de apartamentos tur\u00edsticos y real estate en M\u00e1laga y la Costa del Sol. Rent of tourist apartments and real estate in Malaga and the Costa del Sol\",\"publisher\":{\"@id\":\"https:\\\/\\\/stayupflats.com\\\/#organization\"},\"potentialAction\":[{\"@type\":\"SearchAction\",\"target\":{\"@type\":\"EntryPoint\",\"urlTemplate\":\"https:\\\/\\\/stayupflats.com\\\/?s={search_term_string}\"},\"query-input\":{\"@type\":\"PropertyValueSpecification\",\"valueRequired\":true,\"valueName\":\"search_term_string\"}}],\"inLanguage\":\"es\"},{\"@type\":\"Organization\",\"@id\":\"https:\\\/\\\/stayupflats.com\\\/#organization\",\"name\":\"MLG Center Apartments\",\"url\":\"https:\\\/\\\/stayupflats.com\\\/\",\"logo\":{\"@type\":\"ImageObject\",\"inLanguage\":\"es\",\"@id\":\"https:\\\/\\\/stayupflats.com\\\/#\\\/schema\\\/logo\\\/image\\\/\",\"url\":\"https:\\\/\\\/stayupflats.com\\\/wp-content\\\/uploads\\\/2022\\\/02\\\/MLG-APARTMENTS-LOGO-def-03.png\",\"contentUrl\":\"https:\\\/\\\/stayupflats.com\\\/wp-content\\\/uploads\\\/2022\\\/02\\\/MLG-APARTMENTS-LOGO-def-03.png\",\"width\":2755,\"height\":2755,\"caption\":\"MLG Center Apartments\"},\"image\":{\"@id\":\"https:\\\/\\\/stayupflats.com\\\/#\\\/schema\\\/logo\\\/image\\\/\"}}]}<\/script>\n<!-- \/ Yoast SEO plugin. -->","yoast_head_json":{"title":"Propietarios - STAY UP Flats","robots":{"index":"index","follow":"follow","max-snippet":"max-snippet:-1","max-image-preview":"max-image-preview:large","max-video-preview":"max-video-preview:-1"},"canonical":"https:\/\/stayupflats.com\/?page_id=8616","og_locale":"es_ES","og_type":"article","og_title":"Propietarios - STAY UP Flats","og_description":"[vc_row][vc_column][vc_column_text css=\u00bb.vc_custom_1775333710258{margin-bottom: 60px !important;}\u00bb] Propietarios Sabemos que muchos de nuestros propietarios no tienen el tiempo necesario para hacerse cargo del d\u00eda a d\u00eda de sus propiedades. Por eso, ofrecemos un servicio completo para facilitar las gestiones y resolver cualquier problema que pueda suceder en tu propiedad. Si crees que tu propiedad o cartera de propiedades [&hellip;]","og_url":"https:\/\/stayupflats.com\/?page_id=8616","og_site_name":"STAY UP Flats","article_modified_time":"2026-04-04T20:15:14+00:00","twitter_card":"summary_large_image","twitter_misc":{"Tiempo de lectura":"4 minutos"},"schema":{"@context":"https:\/\/schema.org","@graph":[{"@type":"WebPage","@id":"https:\/\/stayupflats.com\/?page_id=8616","url":"https:\/\/stayupflats.com\/?page_id=8616","name":"Propietarios - STAY UP Flats","isPartOf":{"@id":"https:\/\/stayupflats.com\/#website"},"datePublished":"2021-10-19T19:43:30+00:00","dateModified":"2026-04-04T20:15:14+00:00","breadcrumb":{"@id":"https:\/\/stayupflats.com\/?page_id=8616#breadcrumb"},"inLanguage":"es","potentialAction":[{"@type":"ReadAction","target":["https:\/\/stayupflats.com\/?page_id=8616"]}]},{"@type":"BreadcrumbList","@id":"https:\/\/stayupflats.com\/?page_id=8616#breadcrumb","itemListElement":[{"@type":"ListItem","position":1,"name":"Portada","item":"https:\/\/stayupflats.com\/"},{"@type":"ListItem","position":2,"name":"Propietarios"}]},{"@type":"WebSite","@id":"https:\/\/stayupflats.com\/#website","url":"https:\/\/stayupflats.com\/","name":"STAY UP Flats","description":"Alquiler de apartamentos tur\u00edsticos y real estate en M\u00e1laga y la Costa del Sol. Rent of tourist apartments and real estate in Malaga and the Costa del Sol","publisher":{"@id":"https:\/\/stayupflats.com\/#organization"},"potentialAction":[{"@type":"SearchAction","target":{"@type":"EntryPoint","urlTemplate":"https:\/\/stayupflats.com\/?s={search_term_string}"},"query-input":{"@type":"PropertyValueSpecification","valueRequired":true,"valueName":"search_term_string"}}],"inLanguage":"es"},{"@type":"Organization","@id":"https:\/\/stayupflats.com\/#organization","name":"MLG Center Apartments","url":"https:\/\/stayupflats.com\/","logo":{"@type":"ImageObject","inLanguage":"es","@id":"https:\/\/stayupflats.com\/#\/schema\/logo\/image\/","url":"https:\/\/stayupflats.com\/wp-content\/uploads\/2022\/02\/MLG-APARTMENTS-LOGO-def-03.png","contentUrl":"https:\/\/stayupflats.com\/wp-content\/uploads\/2022\/02\/MLG-APARTMENTS-LOGO-def-03.png","width":2755,"height":2755,"caption":"MLG Center Apartments"},"image":{"@id":"https:\/\/stayupflats.com\/#\/schema\/logo\/image\/"}}]}},"_links":{"self":[{"href":"https:\/\/stayupflats.com\/index.php?rest_route=\/wp\/v2\/pages\/8616","targetHints":{"allow":["GET"]}}],"collection":[{"href":"https:\/\/stayupflats.com\/index.php?rest_route=\/wp\/v2\/pages"}],"about":[{"href":"https:\/\/stayupflats.com\/index.php?rest_route=\/wp\/v2\/types\/page"}],"author":[{"embeddable":true,"href":"https:\/\/stayupflats.com\/index.php?rest_route=\/wp\/v2\/users\/3"}],"replies":[{"embeddable":true,"href":"https:\/\/stayupflats.com\/index.php?rest_route=%2Fwp%2Fv2%2Fcomments&post=8616"}],"version-history":[{"count":39,"href":"https:\/\/stayupflats.com\/index.php?rest_route=\/wp\/v2\/pages\/8616\/revisions"}],"predecessor-version":[{"id":9936,"href":"https:\/\/stayupflats.com\/index.php?rest_route=\/wp\/v2\/pages\/8616\/revisions\/9936"}],"wp:attachment":[{"href":"https:\/\/stayupflats.com\/index.php?rest_route=%2Fwp%2Fv2%2Fmedia&parent=8616"}],"curies":[{"name":"wp","href":"https:\/\/api.w.org\/{rel}","templated":true}]}}